{"id":3,"date":"2021-01-07T07:42:14","date_gmt":"2021-01-07T06:42:14","guid":{"rendered":"https:\/\/www.werbungundgrafik.at\/de\/datenschutzerklaerung\/"},"modified":"2021-01-08T11:37:46","modified_gmt":"2021-01-08T10:37:46","slug":"datenschutzerklaerung","status":"publish","type":"page","link":"https:\/\/www.werbungundgrafik.at\/de\/datenschutzerklaerung\/","title":{"rendered":"Impressum, Datenschutzerkl\u00e4rung"},"content":{"rendered":"\r\n<h2 class=\"wp-block-heading\">Impressum und Datenschutzhinweis<\/h2>\r\n\r\n\r\n\r\n<p>Firma Christoph MEISINGER werbung+grafik<br \/>Weidenweg 18a, 4209 Engerwitzdorf<br \/><br \/>Inhaber: Christoph Meisinger MSc. MAS<br \/>Telefon: +43 664 11 20 110<br \/>Email: <a href=\"mailto:office@werbungundgrafik.at\">office@werbungundgrafik.at\u00a0<\/a><\/p>\r\n\r\n\r\n\r\n<div class=\"WordSection1\">\r\n<p><strong><br \/>Offenlegung gem\u00e4\u00df \u00a7\u00a7 24 und 25 Mediengesetz und Angaben nach \u00a7 5 ECG<\/strong><br \/><br \/>Gesch\u00e4ftsf\u00fchrer: Christoph Meisinger MSc. MAS<br \/>Infohotline: +43 664 11 20 110<br \/>UID-Nr.: ATU 56389722<br \/>Beh\u00f6rde gem. ECG (E-Commerce Gesetz): Bezirkshauptmannschaft Urfahr-Umgebung<\/p>\r\n<p><strong>Kammerzugeh\u00f6rigkeit: Wirtschaftskammer Ober\u00f6sterreich<\/strong><br \/>\u2013 Werbeagentur<br \/>\u2013 Sparte Information und Consulting<\/p>\r\n<p><strong>Gegenstand des Unternehmens sind:<\/strong><\/p>\r\n<ul>\r\n<li>Die Erbringung von Dienstleistungen auf dem Gebiet der Informations- und Kommunikationstechnologie und Projektmanagement<\/li>\r\n<li>die Erbringung von Dienstleistungen auf dem Gebiet der Unternehmensberatung<\/li>\r\n<li>die Entwicklung und Vertrieb von Software und Softwarelizenzen<\/li>\r\n<li>der Vertrieb von und der Handel mit Druckereierzeugnissen und Werbemitteln jeder Art, insbesondere von Formularen und Direktmarketingprodukten und Adressen<\/li>\r\n<li>der Handel mit Waren aller Art<\/li>\r\n<li>Film- und Multimediaproduktionen<\/li>\r\n<li>die T\u00e4tigkeit einer Werbeagentur<\/li>\r\n<\/ul>\r\n<h1 class=\"wp-block-heading\" style=\"text-align: left;\" align=\"center\"><strong><br \/>Datenschutzerkl\u00e4rung<\/strong><\/h1>\r\n<p>Der Schutz Ihrer pers\u00f6nlichen Daten ist uns ein besonderes Anliegen. Wir verarbeiten Ihre Daten daher ausschlie\u00dflich auf Grundlage der gesetzlichen Bestimmungen (DSGVO, TKG 2003). In diesen Datenschutzinformationen informieren wir Sie \u00fcber die wichtigsten Aspekte der Datenverarbeitung im Rahmen unserer Website.<\/p>\r\n<p><strong><br \/>Kontakt mit uns<\/strong><\/p>\r\n<p>Wenn Sie per Formular auf der Website oder per E-Mail Kontakt mit uns aufnehmen, werden Ihre angegebenen Daten zwecks Bearbeitung der Anfrage und f\u00fcr den Fall von Anschlussfragen sechs Monate bei uns gespeichert. Diese Daten geben wir nicht ohne Ihre Einwilligung weiter.<\/p>\r\n<p><strong><br \/>Datenspeicherung<\/strong><\/p>\r\n<p>Wir weisen darauf hin, dass zum Zweck des einfacheren Einkaufsvorganges und zur sp\u00e4teren Vertragsabwicklung vom Webshop-Betreiber im Rahmen von Cookies die IP-Daten des Anschlussinhabers gespeichert werden, ebenso wie Name, Anschrift und Email-Adresse des K\u00e4ufers.<\/p>\r\n<p>Dar\u00fcber hinaus werden zum Zweck der Vertragsabwicklung folgende Daten auch bei uns gespeichert:\u00a0<em>[bitte Daten erg\u00e4nzen]<\/em>. Die von Ihnen bereit gestellten Daten sind zur Vertragserf\u00fcllung bzw zur Durchf\u00fchrung vorvertraglicher Ma\u00dfnahmen erforderlich. Ohne diese Daten k\u00f6nnen wir den Vertrag mit Ihnen nicht abschlie\u00dfen. Eine Daten\u00fcbermittlung an Dritte erfolgt nicht, mit Ausnahme der \u00dcbermittlung der Kreditkartendaten an die abwickelnden Bankinstitute\/Zahlungsdienstleister zum Zwecke der Abbuchung des Einkaufspreises, an das von uns beauftragte Transportunternehmen\/Versandunternehmen zur Zustellung der Ware sowie an unseren Steuerberater zur Erf\u00fcllung unserer steuerrechtlichen Verpflichtungen.<\/p>\r\n<p>Nach Abbruch des Einkaufsvorganges werden die bei uns gespeicherten Daten gel\u00f6scht. Im Falle eines Vertragsabschlusses werden s\u00e4mtliche Daten aus dem Vertragsverh\u00e4ltnis bis zum Ablauf der steuerrechtlichen Aufbewahrungsfrist (7 Jahre) gespeichert.<\/p>\r\n<\/div>\r\n<p>Die Daten Name, Anschrift, gekaufte Waren und Kaufdatum werden dar\u00fcber hinaus gehend bis zum Ablauf der Produkthaftung (10 Jahre) gespeichert.\u00a0 Die Datenverarbeitung erfolgt auf Basis der gesetzlichen Bestimmungen des \u00a7 96 Abs 3 TKG sowie des Art 6 Abs 1 lit a (Einwilligung) und\/oder lit b (notwendig zur Vertragserf\u00fcllung) der DSGVO.<\/p>\r\n<p><strong><br \/>Cookies<\/strong><\/p>\r\n<p>Unsere Website verwendet so genannte Cookies. Dabei handelt es sich um kleine Textdateien, die mit Hilfe des Browsers auf Ihrem Endger\u00e4t abgelegt werden. Sie richten keinen Schaden an.<\/p>\r\n<p>Wir nutzen Cookies dazu, unser Angebot nutzerfreundlich zu gestalten. Einige Cookies bleiben auf Ihrem Endger\u00e4t gespeichert, bis Sie diese l\u00f6schen. Sie erm\u00f6glichen es uns, Ihren Browser beim n\u00e4chsten Besuch wiederzuerkennen.<\/p>\r\n<p>Wenn Sie dies nicht w\u00fcnschen, so k\u00f6nnen Sie Ihren Browser so einrichten, dass er Sie \u00fcber das Setzen von Cookies informiert und Sie dies nur im Einzelfall erlauben.<\/p>\r\n<p>Bei der Deaktivierung von Cookies kann die Funktionalit\u00e4t unserer Website eingeschr\u00e4nkt sein.<\/p>\r\n<p><strong><br \/>Web-Analyse und verwendete Tools auf unserer Website<br \/><\/strong><\/p>\r\n<p>a. Wir verwenden Google Analytics, dabei handelt es sich um einen Webanalyse-dienst der Google Inc., 1600 Amphitheatre Parkway, Mountain View, CA 94043, USA. Dieser Dienst verwendet Cookies, deren Funktionalit\u00e4t bereits zuvor ausf\u00fchrlich dar-gelegt wurde. Die durch diese Cookies erzeugten Informationen \u00fcber Ihre Benutzung dieser Website werden in der Regel an einen Server von Google \u00fcbertragen und dort gespeichert.<br \/>In unserem Auftrag benutzt Google diese Informationen, um Ihre Nutzung unserer Website auszuwerten, um Reports \u00fcber die Websiteaktivit\u00e4ten zusammenzustellen und um weitere mit der Websitenutzung und der Internetnutzung verbundene Dienstleistungen gegen\u00fcber dem Websitebetreiber zu erbringen. Die im Rahmen von Google Analytics von Ihrem Browser \u00fcbermittelte IP-Adresse wird nicht mit anderen Daten von Google zusammengef\u00fchrt.<br \/>Sie k\u00f6nnen die Speicherung der von Google Analytics ben\u00f6tigten Cookies durch eine entsprechende Einstellung Ihrer Browser-Software verhindern, was allerdings dazu f\u00fchren kann, dass Sie gegebenenfalls nicht s\u00e4mtliche Funktionen dieser Website voll-umf\u00e4nglich nutzen k\u00f6nnen. Die Erfassung der durch das Cookie erzeugten und auf Ihre Nutzung der Website bezogenen Daten (inkl. Ihrer IP-Adresse) sowie deren \u00dcbermittlung und Verarbeitung durch Google k\u00f6nnen Sie auch verhindern, indem sie das unter dem folgenden Link verf\u00fcgbare Browser-Plugin herunterladen und installieren: http:\/\/tools.google.com\/dlpage\/gaoptout?hl=de<br \/>Sollten Sie weiterf\u00fchrende Informationen zu Art, Umfang und Zweck der von Google erhobenen Daten informieren wollen, empfehlen wir Ihnen, deren Datenschutzbestimmungen zu lesen. https:\/\/support.google.com\/analytics\/answer\/6004245?hl=de<br \/>Google verarbeitet Ihre Daten auch in den USA und hat sich dem EU-US Privacy Shield unterworfen.<br \/>b. Auf unserer Website nutzen wir zudem die Angebote von Google Maps. Dadurch k\u00f6nnen wir Ihnen interaktive Karten direkt auf unserer Website anzeigen und erm\u00f6glichen Ihnen die komfortable Nutzung der Kartenfunktion, um unseren Standort zu finden und Ihre Anreise zu erleichtern.<br \/>Durch den Besuch unserer Website erh\u00e4lt Google die Information, dass Sie die entsprechende Subsite unserer Website aufgerufen haben und die unter 2. angef\u00fchrten personenbezogenen Daten. Dies erfolgt unabh\u00e4ngig davon, ob Sie \u00fcber einen Google-Account eingeloggt sind oder nicht. Sofern Sie bei Google eingeloggt sind, werden Ihre Daten direkt Ihrem Account zugeordnet. Sofern Sie dies nicht w\u00fcnschen, m\u00fcssen Sie sich vor Nutzung dieses Service bei Google ausloggen. Google nutzt Ihre Daten zu Zwecken der Werbung, Marktforschung und bedarfsgerechter<br \/>Websitegestaltung. Ihnen steht ein Widerspruchsrecht gegen die diesbez\u00fcgliche Nutzung Ihrer Daten zu, das Sie direkt an Google richten m\u00fcssen.<br \/>Weitere Informationen zu Zweck und Umfang der Datenerhebung erhalten Sie in der Datenschutzerkl\u00e4rung von Google, diese finden Sie unter http:\/\/www.google.de\/intl\/de\/policies\/privacy. Google verarbeitet Ihre Daten auch in den USA und hat sich dem EU-US Privacy Shield unterworfen.<br \/>c. Auf unserer Website setzen wir auch Links zu anderen Websites; dies erfolgt ledig-lich zu Informationszwecken. Diese Websites stehen nicht unter unserer Kontrolle und fallen daher nicht unter die Bestimmungen dieser Datenschutzerkl\u00e4rung. Sollten Sie jedoch einen Link aktivieren, ist es m\u00f6glich, dass der Betreiber dieser Website Daten \u00fcber Sie erhebt und diese gem\u00e4\u00df seiner Datenschutzerkl\u00e4rung, die von unserer abweichen kann, verarbeitet. Bitte informieren Sie sich stets auch auf den von uns verlinkten Websites \u00fcber die aktuellen Datenschutzbestimmungen.<br \/>d. Auf unserer Website besteht zudem die M\u00f6glichkeit, \u00fcber Plugins mit verschiede-nen sozialen Netzwerken zu interagieren. Diese sind:<br \/>\u2022 Facebook, betrieben von der Facebook Ireland Ltd, 4 Grand Canal Square, Grand Canal Harbour, Dublin 2, Irland<br \/>Wenn Sie auf ein Plugin eines dieser sozialen Netzwerke klicken, wird dieses aktiviert und wie zuvor beschrieben eine Verbindung zum jeweiligen Server dieses Netzwerks hergestellt. Wir haben keinen Einfluss auf den Umfang und Inhalt der Daten, die durch den Klick auf das Plugin an den jeweiligen Betreiber dieses sozialen Netzwerks \u00fcbermittelt werden.<br \/>Sollten Sie sich \u00fcber Art, Umfang und Zweck der von den Betreibern dieser sozialen Netzwerke erhobenen Daten informieren wollen, empfehlen wir Ihnen, die Datenschutzbestimmungen des jeweiligen sozialen Netzwerks zu lesen.<\/p>\r\n<p>Die Datenverarbeitung erfolgt auf Basis der gesetzlichen Bestimmungen des \u00a7 96 Abs 3 TKG sowie des Art 6 Abs 1 lit a (Einwilligung) und\/oder f (berechtigtes Interesse) der DSGVO.<\/p>\r\n<p><strong><br \/>Newsletter<\/strong><\/p>\r\n<p>Sie haben die M\u00f6glichkeit, \u00fcber unsere Website unseren Newsletter zu abonnieren. Hierf\u00fcr ben\u00f6tigen wir Ihre E-Mail-Adresse und ihre Erkl\u00e4rung, dass Sie mit dem Bezug des Newsletters einverstanden sind.<\/p>\r\n<p>Sobald Sie sich f\u00fcr den Newsletter angemeldet haben, senden wir Ihnen ein Best\u00e4tigungs-E-Mail mit einem Link zur Best\u00e4tigung der Anmeldung.<\/p>\r\n<p>Das Abo des Newsletters k\u00f6nnen Sie jederzeit stornieren. Senden Sie Ihre Stornierung bitte an folgende E-Mail-Adresse:\u00a0<em><a href=\"mailto:office@werbungundgrafik.at\">office@werbungundgrafik.at<\/a><br \/><\/em>Wir l\u00f6schen anschlie\u00dfend umgehend Ihre Daten im Zusammenhang mit dem Newsletter-Versand.<\/p>\r\n<p>&nbsp;<\/p>\r\n<p><strong>Ihre Rechte<\/strong><\/p>\r\n<p>Ihnen stehen grunds\u00e4tzlich die Rechte auf Auskunft, Berichtigung, L\u00f6schung, Einschr\u00e4nkung, Daten\u00fcbertragbarkeit, Widerruf und Widerspruch zu. Wenn Sie glauben, dass die Verarbeitung Ihrer Daten gegen das Datenschutzrecht verst\u00f6\u00dft oder Ihre datenschutzrechtlichen Anspr\u00fcche sonst in einer Weise verletzt worden sind, k\u00f6nnen Sie sich bei der Aufsichtsbeh\u00f6rde beschweren. In \u00d6sterreich ist dies die Datenschutzbeh\u00f6rde.<\/p>\r\n<p>&nbsp;<\/p>\r\n<p><strong>Sie erreichen uns unter folgenden Kontaktdaten<\/strong>:<\/p>\r\n<p>Christoph Meisinger MSc. MAS<br \/>0664 11 20 110<br \/><br \/><a href=\"mailto:office@werbungundgrafik.at\">office@werbungundgrafik.at<\/a><br \/>Weidenweg 18a, 4209 Engerwitzdorf<\/p>\r\n","protected":false},"excerpt":{"rendered":"<p>Impressum und Datenschutzhinweis Firma Christoph MEISINGER werbung+grafikWeidenweg 18a, 4209 Engerwitzdorf Inhaber: Christoph Meisinger MSc. MASTelefon: +43 664 11 20 110Email: office@werbungundgrafik.at\u00a0 Offenlegung gem\u00e4\u00df \u00a7\u00a7 24 und 25 Mediengesetz und Angaben nach \u00a7 5 ECG Gesch\u00e4ftsf\u00fchrer: Christoph Meisinger MSc. MASInfohotline: +43 664 11 20 110UID-Nr.: ATU 56389722Beh\u00f6rde gem. ECG (E-Commerce Gesetz): Bezirkshauptmannschaft Urfahr-Umgebung Kammerzugeh\u00f6rigkeit: Wirtschaftskammer Ober\u00f6sterreich\u2013 [&hellip;]<\/p>\n","protected":false},"author":1,"featured_media":0,"parent":0,"menu_order":0,"comment_status":"closed","ping_status":"open","template":"","meta":{"footnotes":""},"class_list":["post-3","page","type-page","status-publish","hentry"],"_links":{"self":[{"href":"https:\/\/www.werbungundgrafik.at\/de\/wp-json\/wp\/v2\/pages\/3","targetHints":{"allow":["GET"]}}],"collection":[{"href":"https:\/\/www.werbungundgrafik.at\/de\/wp-json\/wp\/v2\/pages"}],"about":[{"href":"https:\/\/www.werbungundgrafik.at\/de\/wp-json\/wp\/v2\/types\/page"}],"author":[{"embeddable":true,"href":"https:\/\/www.werbungundgrafik.at\/de\/wp-json\/wp\/v2\/users\/1"}],"replies":[{"embeddable":true,"href":"https:\/\/www.werbungundgrafik.at\/de\/wp-json\/wp\/v2\/comments?post=3"}],"version-history":[{"count":3,"href":"https:\/\/www.werbungundgrafik.at\/de\/wp-json\/wp\/v2\/pages\/3\/revisions"}],"predecessor-version":[{"id":2086,"href":"https:\/\/www.werbungundgrafik.at\/de\/wp-json\/wp\/v2\/pages\/3\/revisions\/2086"}],"wp:attachment":[{"href":"https:\/\/www.werbungundgrafik.at\/de\/wp-json\/wp\/v2\/media?parent=3"}],"curies":[{"name":"wp","href":"https:\/\/api.w.org\/{rel}","templated":true}]}}