{"id":1137,"date":"2019-11-19T07:32:57","date_gmt":"2019-11-19T07:32:57","guid":{"rendered":"https:\/\/themeforest.unitedthemes.com\/wpversions\/brooklyn\/xml\/demo44\/?page_id=1137"},"modified":"2021-01-08T13:38:58","modified_gmt":"2021-01-08T12:38:58","slug":"services","status":"publish","type":"page","link":"https:\/\/www.werbungundgrafik.at\/de\/services\/","title":{"rendered":"Unsere Leistungen"},"content":{"rendered":"<p>[vc_section bklyn_section_anchor_id=&#8220;About&#8220; el_name=&#8220;First Section&#8220;][vc_row delay=&#8220;true&#8220; el_name=&#8220;Page Title \/ Row has animation&#8220; effect=&#8220;fadeIn&#8220;][vc_column]<div class=\"wpb_content_element \"><style type=\"text\/css\"><\/style><header id=\"ut_header_69f385219daa1\" class=\"section-header  ut-no-title-linebreak-mobile ut-no-lead-linebreak-mobile pt-style-7 header-left header-tablet-left header-mobile-center\"><h1 data-title=\"Wir unterst\u00fctzen Ihre Marke&#13;&#10;und machen neue Fans\"   class=\"section-title title-with-linebreak \"><span>Wir unterst\u00fctzen Ihre Marke<br \/>\nund machen neue Fans<\/span><\/h1><div data-delay=\"0\" class=\"lead title-with-linebreak\"><p>Sie k\u00f6nnen Ihre Aufgaben auslagern oder wir unterst\u00fctzen Sie direkt im Unternehmen und arbeiten mit den zust\u00e4ndigen Mitarbeiter*innen zusammen.<\/p>\n<\/div><\/header><\/div>[\/vc_column][\/vc_row][vc_row full_width=&#8220;stretch_row_content_no_spaces&#8220; gap=&#8220;20&#8243; equal_height=&#8220;yes&#8220; el_name=&#8220;margin top and botoom 30px&#8220; css=&#8220;.vc_custom_1574509789015{margin-top: 30px !important;margin-bottom: 30px !important;}&#8220;][vc_column width=&#8220;1\/3&#8243; delay=&#8220;true&#8220; offset=&#8220;vc_col-lg-4 vc_col-md-4 vc_col-sm-6 vc_col-xs-12&#8243; effect=&#8220;fadeIn&#8220; delay_timer=&#8220;250&#8243;]<div id=\"ut_content_scv_69f385219df90\" class=\"ut-information-box wpb_content_element \"><style type=\"text\/css\">#ut_scv_69f385219df8f .ut-service-icon i { color: rgba(17, 17, 17, 1); }#ut_scv_69f385219df8f .ut-service-column.ut-vertical h3 { margin-bottom: 20px; }#ut_scv_69f385219df8f .ut-service-column.ut-vertical a.ut-service-column-vertical-link { color: #111111; }#ut_scv_69f385219df8f .ut-service-column.ut-vertical a.ut-service-column-vertical-link:hover { color: #111111; }#ut_scv_69f385219df8f .ut-service-column.ut-vertical a.ut-service-column-vertical-link:active { color: #111111; }#ut_scv_69f385219df8f .ut-service-column.ut-vertical a.ut-service-column-vertical-link:focus { color: #111111; }#ut_scv_69f385219df8f .ut-service-column.ut-vertical a.ut-service-column-vertical-link i { color: #111111; }#ut_scv_69f385219df8f .ut-service-column.ut-vertical a.ut-service-column-vertical-link:hover i { color: #111111; }#ut_scv_69f385219df8f .ut-service-column.ut-vertical a.ut-service-column-vertical-link:active i { color: #111111; }#ut_scv_69f385219df8f .ut-service-column.ut-vertical a.ut-service-column-vertical-link:focus i { color: #111111; }#ut_scv_69f385219df8f .ut-service-column.ut-vertical a.ut-service-column-vertical-link { font-weight: 500; }#ut_scv_69f385219df8f .ut-service-column.ut-vertical a.ut-service-column-vertical-link { font-size: 12px; }#ut_content_scv_69f385219df90 .ut-information-box-inner-overlay { background: #ffffff }#ut_content_scv_69f385219df90 .ut-information-box-image-wrap.ut-pseudo-background-loaded::after { background-image: url(https:\/\/www.werbungundgrafik.at\/de\/wp-content\/uploads\/2019\/11\/kevin-bhagat-KJVpz1aS5Fk-unsplash-1300x867.jpg) }<\/style><div class=\"ut-information-box-image-wrap ut-background-lozad ut-pseudo-background\" data-background-image=\"https:\/\/www.werbungundgrafik.at\/de\/wp-content\/uploads\/2019\/11\/kevin-bhagat-KJVpz1aS5Fk-unsplash-1300x867.jpg\"><div class=\"ut-information-box-inner-wrap\"><div class=\"ut-information-box-inner-overlay\"><div id=\"ut_scv_69f385219df8f\" class=\" clearfix  ut-vertical-style ut-vertical-style-align-center\" ><figure  class=\"ut-service-icon ut-service-icon-normal ut-service-icon-small ut-service-icon-with-svg\">\t\t\t\r\n\t\t\t<style type=\"text\/css\">\r\n\t\t\t\t\r\n\t\t\t\t\t\t\t\t\r\n\t\t\t\t\t#ut-svg-69f385219e499 { display:none; }\r\n\t\t\t\t\t#ut-svg-69f385219e499.ut-svg-loaded { display:block; }\r\n\t\t\t\t\r\n\t\t\t\t\r\n\t\t\t\t#ut-svg-69f385219e499 path { stroke: rgba(17, 17, 17, 1); }\r\n\t\t\t\t#ut-svg-69f385219e499 line { stroke: rgba(17, 17, 17, 1); }\r\n\t\t\t\t#ut-svg-69f385219e499 circle { stroke: rgba(17, 17, 17, 1); }\r\n\t\t\t\t#ut-svg-69f385219e499 rect { stroke: rgba(17, 17, 17, 1); }\r\n\t\t\t\t#ut-svg-69f385219e499 ellipse { stroke: rgba(17, 17, 17, 1); }\r\n\t\t\t\t#ut-svg-69f385219e499 polyline { stroke: rgba(17, 17, 17, 1); }\r\n\t\t\t\t#ut-svg-69f385219e499 polygon { stroke: rgba(17, 17, 17, 1); }\r\n\t\t\t\t\r\n\t\t\t\t#ut-svg-69f385219e499 [data-name=\"layer1\"] { stroke: rgba(17, 17, 17, 1); }\r\n\t\t\t\t#ut-svg-69f385219e499 [data-name=\"layer1\"] path { stroke: rgba(17, 17, 17, 1); }\r\n\t\t\t\t\r\n\t\t\t\t\t\t\t\t\t\t\t\t\r\n\t\t\t\t\t\t\t\t\r\n\r\n\t\t\t<\/style>\r\n\t\t\r\n\t\t<svg class=\"ut-vivus-draw\" data-settings=\"{&quot;draw_svg_icons&quot;:&quot;yes&quot;,&quot;draw_svg_type&quot;:&quot;oneByOne&quot;,&quot;draw_svg_delay&quot;:&quot;0&quot;,&quot;draw_svg_duration&quot;:&quot;100&quot;}\" id=\"ut-svg-69f385219e499\" xmlns=\"http:\/\/www.w3.org\/2000\/svg\" viewBox=\"0 0 64 64\" aria-labelledby=\"title\"\naria-describedby=\"desc\" role=\"img\" xmlns:xlink=\"http:\/\/www.w3.org\/1999\/xlink\"\nwidth=\"64\" height=\"64\">\n  \n  \n  <path data-name=\"layer2\"\n  fill=\"none\" stroke=\"#333333\" stroke-miterlimit=\"10\" stroke-width=\"2\" d=\"M62 35v20.4L45 61l-17-5.6V35l17-5.7L62 35z\"\n  stroke-linejoin=\"round\" stroke-linecap=\"round\"><\/path>\n  <path data-name=\"layer2\" fill=\"none\" stroke=\"#333333\" stroke-miterlimit=\"10\"\n  stroke-width=\"2\" d=\"M62 35l-17 5.6L28 35m17 5.6V61M28 33.2v15.6l-13 4.3-13-4.3V33.2l13-4.3 13 4.3z\"\n  stroke-linejoin=\"round\" stroke-linecap=\"round\"><\/path>\n  <path data-name=\"layer2\" fill=\"none\" stroke=\"#333333\" stroke-miterlimit=\"10\"\n  stroke-width=\"2\" d=\"M28 33.2l-13 4.3-13-4.3m13 4.3v15.6\" stroke-linejoin=\"round\"\n  stroke-linecap=\"round\"><\/path>\n  <path data-name=\"layer1\" fill=\"none\" stroke=\"#333333\" stroke-miterlimit=\"10\"\n  stroke-width=\"2\" d=\"M42 6.9v14.2L30 25l-12-3.9V6.9L30 3l12 3.9z\" stroke-linejoin=\"round\"\n  stroke-linecap=\"round\"><\/path>\n  <path data-name=\"layer1\" fill=\"none\" stroke=\"#333333\" stroke-miterlimit=\"10\"\n  stroke-width=\"2\" d=\"M42 6.9l-12 4-12-4m12 4V25\" stroke-linejoin=\"round\"\n  stroke-linecap=\"round\"><\/path>\n<\/svg><\/figure><div class=\"ut-service-column ut-vertical\"><h3  class=\"ut-information-box-title element-with-custom-line-height\">Strategie, Idee &amp; Konzept<\/h3><a class=\"ut-service-column-vertical-link ut-service-column-vertical-link-icon-after ut-service-column-vertical-link-with-animation\" title=\"Learn More\" href=\"#\" target=\"_self\" >Learn More<i class=\"fa fa-arrow-circle-right\"><\/i><\/a><\/div><\/div><\/div><\/div><\/div><\/div>[\/vc_column][vc_column width=&#8220;1\/3&#8243; delay=&#8220;true&#8220; offset=&#8220;vc_col-lg-4 vc_col-md-4 vc_col-sm-6 vc_col-xs-12&#8243; effect=&#8220;fadeIn&#8220; delay_timer=&#8220;500&#8243;]<div id=\"ut_content_scv_69f385219e679\" class=\"ut-information-box wpb_content_element \"><style type=\"text\/css\">#ut_scv_69f385219e678 .ut-service-icon i { color: rgba(17, 17, 17, 1); }#ut_scv_69f385219e678 .ut-service-column.ut-vertical h3 { margin-bottom: 20px; }#ut_scv_69f385219e678 .ut-service-column.ut-vertical a.ut-service-column-vertical-link { color: #111111; }#ut_scv_69f385219e678 .ut-service-column.ut-vertical a.ut-service-column-vertical-link:hover { color: #111111; }#ut_scv_69f385219e678 .ut-service-column.ut-vertical a.ut-service-column-vertical-link:active { color: #111111; }#ut_scv_69f385219e678 .ut-service-column.ut-vertical a.ut-service-column-vertical-link:focus { color: #111111; }#ut_scv_69f385219e678 .ut-service-column.ut-vertical a.ut-service-column-vertical-link i { color: #111111; }#ut_scv_69f385219e678 .ut-service-column.ut-vertical a.ut-service-column-vertical-link:hover i { color: #111111; }#ut_scv_69f385219e678 .ut-service-column.ut-vertical a.ut-service-column-vertical-link:active i { color: #111111; }#ut_scv_69f385219e678 .ut-service-column.ut-vertical a.ut-service-column-vertical-link:focus i { color: #111111; }#ut_scv_69f385219e678 .ut-service-column.ut-vertical a.ut-service-column-vertical-link { font-weight: 500; }#ut_scv_69f385219e678 .ut-service-column.ut-vertical a.ut-service-column-vertical-link { font-size: 12px; }#ut_content_scv_69f385219e679 .ut-information-box-inner-overlay { background: #ffffff }#ut_content_scv_69f385219e679 .ut-information-box-image-wrap.ut-pseudo-background-loaded::after { background-image: url(https:\/\/www.werbungundgrafik.at\/de\/wp-content\/uploads\/2019\/11\/a-r-c-h-i-g-e-r-o-s-a-ihFFHGFJijI-unsplash-1300x867.jpg) }<\/style><div class=\"ut-information-box-image-wrap ut-background-lozad ut-pseudo-background\" data-background-image=\"https:\/\/www.werbungundgrafik.at\/de\/wp-content\/uploads\/2019\/11\/a-r-c-h-i-g-e-r-o-s-a-ihFFHGFJijI-unsplash-1300x867.jpg\"><div class=\"ut-information-box-inner-wrap\"><div class=\"ut-information-box-inner-overlay\"><div id=\"ut_scv_69f385219e678\" class=\" clearfix  ut-vertical-style ut-vertical-style-align-center\" ><figure  class=\"ut-service-icon ut-service-icon-normal ut-service-icon-small ut-service-icon-with-svg\">\t\t\t\r\n\t\t\t<style type=\"text\/css\">\r\n\t\t\t\t\r\n\t\t\t\t\t\t\t\t\r\n\t\t\t\t\t#ut-svg-69f385219eac0 { display:none; }\r\n\t\t\t\t\t#ut-svg-69f385219eac0.ut-svg-loaded { display:block; }\r\n\t\t\t\t\r\n\t\t\t\t\r\n\t\t\t\t#ut-svg-69f385219eac0 path { stroke: rgba(17, 17, 17, 1); }\r\n\t\t\t\t#ut-svg-69f385219eac0 line { stroke: rgba(17, 17, 17, 1); }\r\n\t\t\t\t#ut-svg-69f385219eac0 circle { stroke: rgba(17, 17, 17, 1); }\r\n\t\t\t\t#ut-svg-69f385219eac0 rect { stroke: rgba(17, 17, 17, 1); }\r\n\t\t\t\t#ut-svg-69f385219eac0 ellipse { stroke: rgba(17, 17, 17, 1); }\r\n\t\t\t\t#ut-svg-69f385219eac0 polyline { stroke: rgba(17, 17, 17, 1); }\r\n\t\t\t\t#ut-svg-69f385219eac0 polygon { stroke: rgba(17, 17, 17, 1); }\r\n\t\t\t\t\r\n\t\t\t\t#ut-svg-69f385219eac0 [data-name=\"layer1\"] { stroke: rgba(17, 17, 17, 1); }\r\n\t\t\t\t#ut-svg-69f385219eac0 [data-name=\"layer1\"] path { stroke: rgba(17, 17, 17, 1); }\r\n\t\t\t\t\r\n\t\t\t\t\t\t\t\t\t\t\t\t\r\n\t\t\t\t\t\t\t\t\r\n\r\n\t\t\t<\/style>\r\n\t\t\r\n\t\t<svg class=\"ut-vivus-draw\" data-settings=\"{&quot;draw_svg_icons&quot;:&quot;yes&quot;,&quot;draw_svg_type&quot;:&quot;oneByOne&quot;,&quot;draw_svg_delay&quot;:&quot;0&quot;,&quot;draw_svg_duration&quot;:&quot;100&quot;}\" id=\"ut-svg-69f385219eac0\" xmlns=\"http:\/\/www.w3.org\/2000\/svg\" viewBox=\"0 0 64 64\" aria-labelledby=\"title\"\naria-describedby=\"desc\" role=\"img\" xmlns:xlink=\"http:\/\/www.w3.org\/1999\/xlink\"\nwidth=\"64\" height=\"64\">\n  \n  \n  <path data-name=\"layer2\"\n  fill=\"none\" stroke=\"#333333\" stroke-miterlimit=\"10\" stroke-width=\"2\" d=\"M2 19L32 5l30 14-30 14L2 19z\"\n  stroke-linejoin=\"round\" stroke-linecap=\"round\"><\/path>\n  <path data-name=\"layer1\" fill=\"none\" stroke=\"#333333\" stroke-miterlimit=\"10\"\n  stroke-width=\"2\" d=\"M62 27L32 41 2 27\" stroke-linejoin=\"round\" stroke-linecap=\"round\"><\/path>\n  <path data-name=\"layer1\" fill=\"none\" stroke=\"#333333\" stroke-miterlimit=\"10\"\n  stroke-width=\"2\" d=\"M62 35L32 49 2 35\" stroke-linejoin=\"round\" stroke-linecap=\"round\"><\/path>\n  <path data-name=\"layer1\" fill=\"none\" stroke=\"#333333\" stroke-miterlimit=\"10\"\n  stroke-width=\"2\" d=\"M62 43L32 57 2 43\" stroke-linejoin=\"round\" stroke-linecap=\"round\"><\/path>\n<\/svg><\/figure><div class=\"ut-service-column ut-vertical\"><h3  class=\"ut-information-box-title element-with-custom-line-height\">UX, Design &amp; Technologie<\/h3><a class=\"ut-service-column-vertical-link ut-service-column-vertical-link-icon-after ut-service-column-vertical-link-with-animation\" title=\"Learn More\" href=\"#\" target=\"_self\" >Learn More<i class=\"fa fa-arrow-circle-right\"><\/i><\/a><\/div><\/div><\/div><\/div><\/div><\/div>[\/vc_column][vc_column width=&#8220;1\/3&#8243; delay=&#8220;true&#8220; offset=&#8220;vc_col-lg-4 vc_col-md-4 vc_col-sm-6 vc_col-xs-12&#8243; effect=&#8220;fadeIn&#8220; delay_timer=&#8220;750&#8243;]<div id=\"ut_content_scv_69f385219ebdc\" class=\"ut-information-box wpb_content_element \"><style type=\"text\/css\">#ut_scv_69f385219ebdb .ut-service-icon i { color: rgba(17, 17, 17, 1); }#ut_scv_69f385219ebdb .ut-service-column.ut-vertical h3 { margin-bottom: 20px; }#ut_scv_69f385219ebdb .ut-service-column.ut-vertical a.ut-service-column-vertical-link { color: #111111; }#ut_scv_69f385219ebdb .ut-service-column.ut-vertical a.ut-service-column-vertical-link:hover { color: #111111; }#ut_scv_69f385219ebdb .ut-service-column.ut-vertical a.ut-service-column-vertical-link:active { color: #111111; }#ut_scv_69f385219ebdb .ut-service-column.ut-vertical a.ut-service-column-vertical-link:focus { color: #111111; }#ut_scv_69f385219ebdb .ut-service-column.ut-vertical a.ut-service-column-vertical-link i { color: #111111; }#ut_scv_69f385219ebdb .ut-service-column.ut-vertical a.ut-service-column-vertical-link:hover i { color: #111111; }#ut_scv_69f385219ebdb .ut-service-column.ut-vertical a.ut-service-column-vertical-link:active i { color: #111111; }#ut_scv_69f385219ebdb .ut-service-column.ut-vertical a.ut-service-column-vertical-link:focus i { color: #111111; }#ut_scv_69f385219ebdb .ut-service-column.ut-vertical a.ut-service-column-vertical-link { font-weight: 500; }#ut_scv_69f385219ebdb .ut-service-column.ut-vertical a.ut-service-column-vertical-link { font-size: 12px; }#ut_content_scv_69f385219ebdc .ut-information-box-inner-overlay { background: #ffffff }#ut_content_scv_69f385219ebdc .ut-information-box-image-wrap.ut-pseudo-background-loaded::after { background-image: url(https:\/\/www.werbungundgrafik.at\/de\/wp-content\/uploads\/2019\/11\/julian-o-hayon-Bs-zngH79Ds-unsplash-1300x867.jpg) }<\/style><div class=\"ut-information-box-image-wrap ut-background-lozad ut-pseudo-background\" data-background-image=\"https:\/\/www.werbungundgrafik.at\/de\/wp-content\/uploads\/2019\/11\/julian-o-hayon-Bs-zngH79Ds-unsplash-1300x867.jpg\"><div class=\"ut-information-box-inner-wrap\"><div class=\"ut-information-box-inner-overlay\"><div id=\"ut_scv_69f385219ebdb\" class=\" clearfix  ut-vertical-style ut-vertical-style-align-center\" ><figure  class=\"ut-service-icon ut-service-icon-normal ut-service-icon-small ut-service-icon-with-svg\">\t\t\t\r\n\t\t\t<style type=\"text\/css\">\r\n\t\t\t\t\r\n\t\t\t\t\t\t\t\t\r\n\t\t\t\t\t#ut-svg-69f385219efae { display:none; }\r\n\t\t\t\t\t#ut-svg-69f385219efae.ut-svg-loaded { display:block; }\r\n\t\t\t\t\r\n\t\t\t\t\r\n\t\t\t\t#ut-svg-69f385219efae path { stroke: rgba(17, 17, 17, 1); }\r\n\t\t\t\t#ut-svg-69f385219efae line { stroke: rgba(17, 17, 17, 1); }\r\n\t\t\t\t#ut-svg-69f385219efae circle { stroke: rgba(17, 17, 17, 1); }\r\n\t\t\t\t#ut-svg-69f385219efae rect { stroke: rgba(17, 17, 17, 1); }\r\n\t\t\t\t#ut-svg-69f385219efae ellipse { stroke: rgba(17, 17, 17, 1); }\r\n\t\t\t\t#ut-svg-69f385219efae polyline { stroke: rgba(17, 17, 17, 1); }\r\n\t\t\t\t#ut-svg-69f385219efae polygon { stroke: rgba(17, 17, 17, 1); }\r\n\t\t\t\t\r\n\t\t\t\t#ut-svg-69f385219efae [data-name=\"layer1\"] { stroke: rgba(17, 17, 17, 1); }\r\n\t\t\t\t#ut-svg-69f385219efae [data-name=\"layer1\"] path { stroke: rgba(17, 17, 17, 1); }\r\n\t\t\t\t\r\n\t\t\t\t\t\t\t\t\t\t\t\t\r\n\t\t\t\t\t\t\t\t\r\n\r\n\t\t\t<\/style>\r\n\t\t\r\n\t\t<svg class=\"ut-vivus-draw\" data-settings=\"{&quot;draw_svg_icons&quot;:&quot;yes&quot;,&quot;draw_svg_type&quot;:&quot;oneByOne&quot;,&quot;draw_svg_delay&quot;:&quot;0&quot;,&quot;draw_svg_duration&quot;:&quot;100&quot;}\" id=\"ut-svg-69f385219efae\" xmlns=\"http:\/\/www.w3.org\/2000\/svg\" viewBox=\"0 0 64 64\" aria-labelledby=\"title\"\naria-describedby=\"desc\" role=\"img\" xmlns:xlink=\"http:\/\/www.w3.org\/1999\/xlink\"\nwidth=\"64\" height=\"64\">\n  \n  \n  <path data-name=\"layer1\"\n  d=\"M60.448 15.109a24.276 24.276 0 0 1-3.288.968.5.5 0 0 1-.451-.853 15.146 15.146 0 0 0 3.119-4.263.5.5 0 0 0-.677-.662 18.6 18.6 0 0 1-6.527 2.071 12.92 12.92 0 0 0-9-3.75A12.363 12.363 0 0 0 31.25 20.994a12.727 12.727 0 0 0 .281 2.719c-9.048-.274-19.61-4.647-25.781-12.249a.5.5 0 0 0-.83.073 12.475 12.475 0 0 0 2.956 14.79.5.5 0 0 1-.344.887 7.749 7.749 0 0 1-3.1-.8.5.5 0 0 0-.725.477 11.653 11.653 0 0 0 7.979 10.567.5.5 0 0 1-.09.964 12.567 12.567 0 0 1-2.834 0 .506.506 0 0 0-.536.635c.849 3.282 5.092 7.125 9.839 7.652a.5.5 0 0 1 .267.87 20.943 20.943 0 0 1-14 4.577.5.5 0 0 0-.255.942 37.29 37.29 0 0 0 17.33 4.266 34.5 34.5 0 0 0 34.687-36.182v-.469a21.11 21.11 0 0 0 4.934-4.839.5.5 0 0 0-.58-.765z\"\n  fill=\"none\" stroke=\"#333333\" stroke-linecap=\"round\" stroke-miterlimit=\"10\"\n  stroke-width=\"2\" stroke-linejoin=\"round\"><\/path>\n<\/svg><\/figure><div class=\"ut-service-column ut-vertical\"><h3  class=\"ut-information-box-title element-with-custom-line-height\">Social Media &amp; Performance Marketing<\/h3><a class=\"ut-service-column-vertical-link ut-service-column-vertical-link-icon-after ut-service-column-vertical-link-with-animation\" title=\"Learn More\" href=\"#\" target=\"_self\" >Learn More<i class=\"fa fa-arrow-circle-right\"><\/i><\/a><\/div><\/div><\/div><\/div><\/div><\/div>[\/vc_column][\/vc_row][\/vc_section][vc_section el_name=&#8220;Third Section&#8220;][vc_row delay=&#8220;true&#8220; effect=&#8220;fadeIn&#8220; el_name=&#8220;Row has animation&#8220;][vc_column]<style type=\"text\/css\">#ut_custom_heading69f385219f137 { font-family: \"Montserrat\";font-weight:800;font-style:normal; }#ut_custom_heading69f385219f137 { text-align:left; }@media (min-width: 768px) and (max-width: 1024px) { #ut_custom_heading69f385219f137 { text-align:left; } }@media (max-width: 767px) { #ut_custom_heading69f385219f137 { text-align:left; } }<\/style><h2 id=\"ut_custom_heading69f385219f137\"  class=\"ut-custom-heading-module  \" data-appear-effect=\"effect-1\" data-appear-top-offset=\"full\"><span class=\"\" >Unsere Leistungen<\/span><\/h2>[\/vc_column][\/vc_row][vc_row el_name=&#8220;Columns have animation&#8220;][vc_column width=&#8220;1\/3&#8243; delay=&#8220;true&#8220; effect=&#8220;fadeIn&#8220; delay_timer=&#8220;250&#8243;]<div class=\"wpb_content_element \"><style class=\"bklyn-inline-styles\" type=\"text\/css\">#ut_fl_69f385219fa2b784872668.bklyn-fancy-list { font-size: 13px !important; }#ut_fl_69f385219fa2b784872668.bklyn-fancy-list { line-height: 28px !important; }#ut_fl_69f385219fa2b784872668 li span { color: rgba(17, 17, 17, 1); }#ut_fl_69f385219fa2b784872668 a { color: rgba(17, 17, 17, 1); }#ut_fl_69f385219fa2b784872668 a:visited { color: rgba(17, 17, 17, 1); }#ut_fl_69f385219fa2b784872668 ul { list-style-type: square; }<\/style><div id=\"ut_fl_69f385219fa2b784872668\" class=\"bklyn-fancy-list  bklyn-fancy-list-left bklyn-fancy-list-tablet-left bklyn-fancy-list-mobile-center\"><ul class=\"bklyn-list \" data-appear-top-offset=\"almost\"><li class=\"bklyn-list-item-space-xsmall\"><span><span>Strategie, Idee und Konzept<\/span><\/a><\/span><\/li><li class=\"bklyn-list-item-space-xsmall\"><span><span>UX, Design and Technology<\/span><\/a><\/span><\/li><li class=\"bklyn-list-item-space-xsmall\"><span><span>Video Produktion und Content<\/span><\/a><\/span><\/li><li class=\"bklyn-list-item-space-xsmall\"><span><span> Mobile App Development<\/span><\/a><\/span><\/li><li class=\"bklyn-list-item-space-xsmall\"><span><span>Social Media & Performance Marketing<\/span><\/a><\/span><\/li><\/ul><\/div><\/div>[\/vc_column][vc_column width=&#8220;1\/3&#8243; delay=&#8220;true&#8220; effect=&#8220;fadeIn&#8220; delay_timer=&#8220;500&#8243;][\/vc_column][vc_column width=&#8220;1\/3&#8243; delay=&#8220;true&#8220; effect=&#8220;fadeIn&#8220; delay_timer=&#8220;750&#8243;][\/vc_column][\/vc_row][\/vc_section][vc_section content_placement=&#8220;middle&#8220; bklyn_overlay=&#8220;true&#8220; parallax=&#8220;content-moving&#8220; css=&#8220;.vc_custom_1574516158296{background-image: url(https:\/\/unitedthemes-xml.s3.eu-central-1.amazonaws.com\/demo_44\/2019\/11\/nordwood-themes-Cli7eZZzfyM-unsplash.jpg?id=1850) !important;background-position: center !important;background-repeat: no-repeat !important;background-size: cover !important;}&#8220; bklyn_overlay_color=&#8220;rgba(0, 0, 0, 0.33)&#8220; el_name=&#8220;Fourth Section&#8220;][vc_row delay=&#8220;true&#8220; el_name=&#8220;Row has animation&#8220; effect=&#8220;fadeIn&#8220;][vc_column][vc_empty_space height=&#8220;60px&#8220;]<div class=\"wpb_content_element \"><style type=\"text\/css\">#ut_header_69f385219fffa h2.section-title, #ut_header_69f385219fffa h2.section-title span { color:#ffffff; }#ut_header_69f385219fffa .lead { color:rgba(255, 255, 255, 0.7); }#ut_header_69f385219fffa .lead p { color:rgba(255, 255, 255, 0.7); }<\/style><header id=\"ut_header_69f385219fffa\" class=\"section-header  ut-no-title-linebreak-mobile ut-no-lead-linebreak-mobile pt-style-7 header-center header-tablet-center header-mobile-center\"><h2 data-title=\"Individuelle L\u00f6sungen\"   class=\"section-title  \"><span>Individuelle L\u00f6sungen<\/span><\/h2><div data-delay=\"0\" class=\"lead \"><p>Reden Sie mit uns \u00fcber die M\u00f6glichkeiten in der Werbung und im Marketing.<\/p>\n<\/div><\/header><\/div>[vc_empty_space height=&#8220;60px&#8220;][\/vc_column][\/vc_row][\/vc_section][vc_section el_name=&#8220;Fifth Section&#8220;][\/vc_section]<\/p>\n","protected":false},"excerpt":{"rendered":"<p>[vc_section bklyn_section_anchor_id=&#8220;About&#8220; el_name=&#8220;First Section&#8220;][vc_row delay=&#8220;true&#8220; el_name=&#8220;Page Title \/ Row has animation&#8220; effect=&#8220;fadeIn&#8220;][vc_column][\/vc_column][\/vc_row][vc_row full_width=&#8220;stretch_row_content_no_spaces&#8220; gap=&#8220;20&#8243; equal_height=&#8220;yes&#8220; el_name=&#8220;margin top and botoom 30px&#8220; css=&#8220;.vc_custom_1574509789015{margin-top: 30px !important;margin-bottom: 30px !important;}&#8220;][vc_column width=&#8220;1\/3&#8243; delay=&#8220;true&#8220; offset=&#8220;vc_col-lg-4 vc_col-md-4 vc_col-sm-6 vc_col-xs-12&#8243; effect=&#8220;fadeIn&#8220; delay_timer=&#8220;250&#8243;][\/vc_column][vc_column width=&#8220;1\/3&#8243; delay=&#8220;true&#8220; offset=&#8220;vc_col-lg-4 vc_col-md-4 vc_col-sm-6 vc_col-xs-12&#8243; effect=&#8220;fadeIn&#8220; delay_timer=&#8220;500&#8243;][\/vc_column][vc_column width=&#8220;1\/3&#8243; delay=&#8220;true&#8220; offset=&#8220;vc_col-lg-4 vc_col-md-4 vc_col-sm-6 vc_col-xs-12&#8243; effect=&#8220;fadeIn&#8220; delay_timer=&#8220;750&#8243;][\/vc_column][\/vc_row][\/vc_section][vc_section el_name=&#8220;Third Section&#8220;][vc_row delay=&#8220;true&#8220; effect=&#8220;fadeIn&#8220; el_name=&#8220;Row has [&hellip;]<\/p>\n","protected":false},"author":1,"featured_media":0,"parent":0,"menu_order":0,"comment_status":"closed","ping_status":"closed","template":"","meta":{"footnotes":""},"class_list":["post-1137","page","type-page","status-publish","hentry"],"_links":{"self":[{"href":"https:\/\/www.werbungundgrafik.at\/de\/wp-json\/wp\/v2\/pages\/1137","targetHints":{"allow":["GET"]}}],"collection":[{"href":"https:\/\/www.werbungundgrafik.at\/de\/wp-json\/wp\/v2\/pages"}],"about":[{"href":"https:\/\/www.werbungundgrafik.at\/de\/wp-json\/wp\/v2\/types\/page"}],"author":[{"embeddable":true,"href":"https:\/\/www.werbungundgrafik.at\/de\/wp-json\/wp\/v2\/users\/1"}],"replies":[{"embeddable":true,"href":"https:\/\/www.werbungundgrafik.at\/de\/wp-json\/wp\/v2\/comments?post=1137"}],"version-history":[{"count":2,"href":"https:\/\/www.werbungundgrafik.at\/de\/wp-json\/wp\/v2\/pages\/1137\/revisions"}],"predecessor-version":[{"id":2106,"href":"https:\/\/www.werbungundgrafik.at\/de\/wp-json\/wp\/v2\/pages\/1137\/revisions\/2106"}],"wp:attachment":[{"href":"https:\/\/www.werbungundgrafik.at\/de\/wp-json\/wp\/v2\/media?parent=1137"}],"curies":[{"name":"wp","href":"https:\/\/api.w.org\/{rel}","templated":true}]}}